{"id":10,"date":"2019-02-24T11:52:59","date_gmt":"2019-02-24T08:52:59","guid":{"rendered":"https:\/\/youthful-mayer.194-62-54-108.plesk.page\/?page_id=10"},"modified":"2019-03-20T12:23:27","modified_gmt":"2019-03-20T09:23:27","slug":"biz-kimiz","status":"publish","type":"page","link":"https:\/\/tarihiguvecci.com\/?page_id=10","title":{"rendered":"Biz Kimiz ?"},"content":{"rendered":"\t\t<div data-elementor-type=\"wp-post\" data-elementor-id=\"10\" class=\"elementor elementor-10 elementor-bc-flex-widget\" data-elementor-post-type=\"page\">\n\t\t\t\t\t\t<section class=\"elementor-section elementor-top-section elementor-element elementor-element-76bcc21 elementor-section-full_width elementor-section-height-min-height elementor-section-height-default elementor-section-items-middle\" data-id=\"76bcc21\" data-element_type=\"section\" data-e-type=\"section\" data-settings=\"{&quot;background_background&quot;:&quot;classic&quot;,&quot;shape_divider_bottom&quot;:&quot;triangle&quot;}\">\n\t\t\t\t\t<div class=\"elementor-shape elementor-shape-bottom\" aria-hidden=\"true\" data-negative=\"false\">\n\t\t\t<svg xmlns=\"http:\/\/www.w3.org\/2000\/svg\" viewBox=\"0 0 1000 100\" preserveAspectRatio=\"none\">\n\t<path class=\"elementor-shape-fill\" d=\"M500,98.9L0,6.1V0h1000v6.1L500,98.9z\"\/>\n<\/svg>\t\t<\/div>\n\t\t\t\t\t<div class=\"elementor-container elementor-column-gap-default\">\n\t\t\t\t\t<div class=\"elementor-column elementor-col-100 elementor-top-column elementor-element elementor-element-e73d2a8\" data-id=\"e73d2a8\" data-element_type=\"column\" data-e-type=\"column\">\n\t\t\t<div class=\"elementor-widget-wrap elementor-element-populated\">\n\t\t\t\t\t\t<div class=\"elementor-element elementor-element-faaebcd elementor-invisible elementor-widget elementor-widget-heading\" data-id=\"faaebcd\" data-element_type=\"widget\" data-e-type=\"widget\" data-settings=\"{&quot;_animation&quot;:&quot;fadeInDown&quot;}\" data-widget_type=\"heading.default\">\n\t\t\t\t<div class=\"elementor-widget-container\">\n\t\t\t\t\t<h2 class=\"elementor-heading-title elementor-size-default\">Biz Kimiz ?<\/h2>\t\t\t\t<\/div>\n\t\t\t\t<\/div>\n\t\t\t\t\t<\/div>\n\t\t<\/div>\n\t\t\t\t\t<\/div>\n\t\t<\/section>\n\t\t\t\t<section class=\"elementor-section elementor-top-section elementor-element elementor-element-ccbdf51 elementor-section-height-min-height elementor-section-boxed elementor-section-height-default elementor-section-items-middle\" data-id=\"ccbdf51\" data-element_type=\"section\" data-e-type=\"section\">\n\t\t\t\t\t\t<div class=\"elementor-container elementor-column-gap-default\">\n\t\t\t\t\t<div class=\"elementor-column elementor-col-50 elementor-top-column elementor-element elementor-element-d9735a7 elementor-invisible\" data-id=\"d9735a7\" data-element_type=\"column\" data-e-type=\"column\" data-settings=\"{&quot;animation&quot;:&quot;fadeInLeft&quot;}\">\n\t\t\t<div class=\"elementor-widget-wrap elementor-element-populated\">\n\t\t\t\t\t\t<div class=\"elementor-element elementor-element-7a7eebf elementor-widget elementor-widget-heading\" data-id=\"7a7eebf\" data-element_type=\"widget\" data-e-type=\"widget\" data-widget_type=\"heading.default\">\n\t\t\t\t<div class=\"elementor-widget-container\">\n\t\t\t\t\t<h2 class=\"elementor-heading-title elementor-size-default\">TAR\u0130H\u0130 EY\u00dcP SULTAN G\u00dcVE\u00c7C\u0130S\u0130<\/h2>\t\t\t\t<\/div>\n\t\t\t\t<\/div>\n\t\t\t\t<div class=\"elementor-element elementor-element-53d82c3 elementor-widget elementor-widget-text-editor\" data-id=\"53d82c3\" data-element_type=\"widget\" data-e-type=\"widget\" data-widget_type=\"text-editor.default\">\n\t\t\t\t<div class=\"elementor-widget-container\">\n\t\t\t\t\t\t\t\t\t<p class=\"MsoNormal\"><a name=\"OLE_LINK5\"><\/a>1940&#8217;lar\u0131n sonlar\u0131na do\u011fru Emin\u00f6n\u00fc K\u00fc\u00e7\u00fckpazar da Aziz Pehlivan nam\u0131yla maruf bir ki\u015fi taraf\u0131ndan ihdas edilmi\u015ftir.<\/p>\n<p class=\"MsoNormal\">Rahmetli babam\u0131z 1950&#8217;lerde Emin\u00f6n\u00fc halinde kabz\u0131mall\u0131k yap\u0131yordu. Bu i\u015fin oralar da ra\u011fbet g\u00f6rmesinden dolay\u0131 bu mesle\u011fi ba\u015fka yerlerde yapma d\u00fc\u015f\u00fcncesine sevketmi\u015f, yer olarakta m\u00fcbarek bir mekan olan Ey\u00fcp Sultan\u0131 tercih edilmi\u015ftir. Kendisi halen orada metfundur. Dolay\u0131s\u0131yla bize bu i\u015fi miras b\u0131rakan babam\u0131z\u0131 rahmet ve minnetle an\u0131yoruz.<\/p>\n<p class=\"MsoNormal\">Kendisinin 1958 senesinde kurmu\u015f oldu\u011fu bu tezgah<b> Ey\u00fcp Sultan Pide Salonu<\/b> olarak o\u011fullar\u0131 <b>Mustafa ve \u015eeref Karadeniz<\/b> taraf\u0131ndan 1966&#8217;ya kadar devam ettirilmi\u015f&nbsp;o seneden itibaren Gaziosmanpa\u015fa Ba\u011flarba\u015f\u0131 caddesinde yeni bir d\u00fckkan a\u00e7\u0131lm\u0131\u015f, soyad\u0131m\u0131zdan esinlenerek ME\u015eHUR KARADEN\u0130Z G\u00dcVE\u00c7 P\u0130DE SALONU ad\u0131n\u0131 alm\u0131\u015ft\u0131r.&nbsp;<\/p><p class=\"MsoNormal\"><span style=\"font-size: 16px;\">Ey\u00fcp Sultan&#8217;daki d\u00fckkan torunlar\u0131 taraf\u0131ndan i\u015fletilmeye devam edilmektedir.&nbsp;Gaziosmanpa\u015fa&#8217;daki yer 35 sene ayn\u0131 yerde hizmet verdikten sonra bilahare yine ayn\u0131 cadde \u00fczerinde yeni ve modern binas\u0131nda hizmete devam etmektedir. Biz babam\u0131zdan devir ald\u0131\u011f\u0131m\u0131z bu mesle\u011fi bir yerlere getirdi\u011fimize inan\u0131yoruz. \u00c7ocuklar\u0131m\u0131z\u0131n da bu hizmet yar\u0131\u015f\u0131n\u0131 daha g\u00fczel bir \u015fekilde devam ettireceklerine dair inanc\u0131m\u0131z sonsuzdur.<\/span><\/p>\t\t\t\t\t\t\t\t<\/div>\n\t\t\t\t<\/div>\n\t\t\t\t<div class=\"elementor-element elementor-element-3d38a1d elementor-widget elementor-widget-heading\" data-id=\"3d38a1d\" data-element_type=\"widget\" data-e-type=\"widget\" data-widget_type=\"heading.default\">\n\t\t\t\t<div class=\"elementor-widget-container\">\n\t\t\t\t\t<h2 class=\"elementor-heading-title elementor-size-default\"><i><span style=\"font-family: Roboto, sans-serif;font-size: 20px;font-weight: 600\">\u015eeref KARADE<\/span><span style=\"font-family: Roboto, sans-serif;font-size: 20px;font-weight: 600\">N<\/span>\u0130Z<\/i><\/h2>\t\t\t\t<\/div>\n\t\t\t\t<\/div>\n\t\t\t\t\t<\/div>\n\t\t<\/div>\n\t\t\t\t<div class=\"elementor-column elementor-col-50 elementor-top-column elementor-element elementor-element-9c6dc9f\" data-id=\"9c6dc9f\" data-element_type=\"column\" data-e-type=\"column\">\n\t\t\t<div class=\"elementor-widget-wrap elementor-element-populated\">\n\t\t\t\t\t\t<div class=\"elementor-element elementor-element-21b1a46 elementor-invisible elementor-widget elementor-widget-image\" data-id=\"21b1a46\" data-element_type=\"widget\" data-e-type=\"widget\" data-settings=\"{&quot;_animation&quot;:&quot;fadeInRight&quot;}\" data-widget_type=\"image.default\">\n\t\t\t\t<div class=\"elementor-widget-container\">\n\t\t\t\t\t\t\t\t\t\t\t\t\t\t\t<img fetchpriority=\"high\" decoding=\"async\" width=\"512\" height=\"512\" src=\"https:\/\/tarihiguvecci.com\/wp-content\/uploads\/2019\/03\/tarihi-guvecci-favicon.png\" class=\"attachment-medium_large size-medium_large wp-image-484\" alt=\"\" srcset=\"https:\/\/tarihiguvecci.com\/wp-content\/uploads\/2019\/03\/tarihi-guvecci-favicon.png 512w, https:\/\/tarihiguvecci.com\/wp-content\/uploads\/2019\/03\/tarihi-guvecci-favicon-150x150.png 150w, https:\/\/tarihiguvecci.com\/wp-content\/uploads\/2019\/03\/tarihi-guvecci-favicon-300x300.png 300w\" sizes=\"(max-width: 512px) 100vw, 512px\" \/>\t\t\t\t\t\t\t\t\t\t\t\t\t\t\t<\/div>\n\t\t\t\t<\/div>\n\t\t\t\t<div class=\"elementor-element elementor-element-4fb02f3 elementor-invisible elementor-widget elementor-widget-heading\" data-id=\"4fb02f3\" data-element_type=\"widget\" data-e-type=\"widget\" data-settings=\"{&quot;_animation&quot;:&quot;fadeInDown&quot;}\" data-widget_type=\"heading.default\">\n\t\t\t\t<div class=\"elementor-widget-container\">\n\t\t\t\t\t<h2 class=\"elementor-heading-title elementor-size-default\">KURUCULARI<\/h2>\t\t\t\t<\/div>\n\t\t\t\t<\/div>\n\t\t\t\t<div class=\"elementor-element elementor-element-eb57345 gallery-spacing-custom elementor-invisible elementor-widget elementor-widget-image-gallery\" data-id=\"eb57345\" data-element_type=\"widget\" data-e-type=\"widget\" data-settings=\"{&quot;_animation&quot;:&quot;fadeInRight&quot;}\" data-widget_type=\"image-gallery.default\">\n\t\t\t\t<div class=\"elementor-widget-container\">\n\t\t\t\t\t\t\t<div class=\"elementor-image-gallery\">\n\t\t\t<div id='gallery-1' class='gallery galleryid-10 gallery-columns-3 gallery-size-thumbnail'><figure class='gallery-item'>\n\t\t\t<div class='gallery-icon portrait'>\n\t\t\t\t<a data-elementor-open-lightbox=\"yes\" data-elementor-lightbox-slideshow=\"eb57345\" data-elementor-lightbox-title=\"ey\u00fcp-pide-kurucu-1\" data-e-action-hash=\"#elementor-action%3Aaction%3Dlightbox%26settings%3DeyJpZCI6NTUxLCJ1cmwiOiJodHRwczpcL1wvdGFyaWhpZ3V2ZWNjaS5jb21cL3dwLWNvbnRlbnRcL3VwbG9hZHNcLzIwMTlcLzAzXC9leVx1MDBmY3AtcGlkZS1rdXJ1Y3UtMS5qcGciLCJzbGlkZXNob3ciOiJlYjU3MzQ1In0%3D\" href='https:\/\/tarihiguvecci.com\/wp-content\/uploads\/2019\/03\/ey\u00fcp-pide-kurucu-1.jpg'><img decoding=\"async\" width=\"150\" height=\"150\" src=\"https:\/\/tarihiguvecci.com\/wp-content\/uploads\/2019\/03\/ey\u00fcp-pide-kurucu-1-150x150.jpg\" class=\"attachment-thumbnail size-thumbnail\" alt=\"\" \/><\/a>\n\t\t\t<\/div><\/figure><figure class='gallery-item'>\n\t\t\t<div class='gallery-icon portrait'>\n\t\t\t\t<a data-elementor-open-lightbox=\"yes\" data-elementor-lightbox-slideshow=\"eb57345\" data-elementor-lightbox-title=\"ey\u00fcp-pide-kurucu-2\" data-e-action-hash=\"#elementor-action%3Aaction%3Dlightbox%26settings%3DeyJpZCI6NTUyLCJ1cmwiOiJodHRwczpcL1wvdGFyaWhpZ3V2ZWNjaS5jb21cL3dwLWNvbnRlbnRcL3VwbG9hZHNcLzIwMTlcLzAzXC9leVx1MDBmY3AtcGlkZS1rdXJ1Y3UtMi5qcGciLCJzbGlkZXNob3ciOiJlYjU3MzQ1In0%3D\" href='https:\/\/tarihiguvecci.com\/wp-content\/uploads\/2019\/03\/ey\u00fcp-pide-kurucu-2.jpg'><img decoding=\"async\" width=\"150\" height=\"150\" src=\"https:\/\/tarihiguvecci.com\/wp-content\/uploads\/2019\/03\/ey\u00fcp-pide-kurucu-2-150x150.jpg\" class=\"attachment-thumbnail size-thumbnail\" alt=\"\" \/><\/a>\n\t\t\t<\/div><\/figure><figure class='gallery-item'>\n\t\t\t<div class='gallery-icon portrait'>\n\t\t\t\t<a data-elementor-open-lightbox=\"yes\" data-elementor-lightbox-slideshow=\"eb57345\" data-elementor-lightbox-title=\"ey\u00fcp-pide-kurucu-3\" data-e-action-hash=\"#elementor-action%3Aaction%3Dlightbox%26settings%3DeyJpZCI6NTUzLCJ1cmwiOiJodHRwczpcL1wvdGFyaWhpZ3V2ZWNjaS5jb21cL3dwLWNvbnRlbnRcL3VwbG9hZHNcLzIwMTlcLzAzXC9leVx1MDBmY3AtcGlkZS1rdXJ1Y3UtMy5qcGciLCJzbGlkZXNob3ciOiJlYjU3MzQ1In0%3D\" href='https:\/\/tarihiguvecci.com\/wp-content\/uploads\/2019\/03\/ey\u00fcp-pide-kurucu-3.jpg'><img loading=\"lazy\" decoding=\"async\" width=\"150\" height=\"150\" src=\"https:\/\/tarihiguvecci.com\/wp-content\/uploads\/2019\/03\/ey\u00fcp-pide-kurucu-3-150x150.jpg\" class=\"attachment-thumbnail size-thumbnail\" alt=\"\" \/><\/a>\n\t\t\t<\/div><\/figure>\n\t\t<\/div>\n\t\t<\/div>\n\t\t\t\t\t\t<\/div>\n\t\t\t\t<\/div>\n\t\t\t\t\t<\/div>\n\t\t<\/div>\n\t\t\t\t\t<\/div>\n\t\t<\/section>\n\t\t\t\t<\/div>\n\t\t","protected":false},"excerpt":{"rendered":"<p>Biz Kimiz ? TAR\u0130H\u0130 EY\u00dcP SULTAN G\u00dcVE\u00c7C\u0130S\u0130 1940&#8217;lar\u0131n sonlar\u0131na do\u011fru Emin\u00f6n\u00fc K\u00fc\u00e7\u00fckpazar da Aziz Pehlivan nam\u0131yla maruf bir ki\u015fi taraf\u0131ndan ihdas edilmi\u015ftir. Rahmetli babam\u0131z 1950&#8217;lerde Emin\u00f6n\u00fc halinde kabz\u0131mall\u0131k yap\u0131yordu. Bu i\u015fin oralar da ra\u011fbet g\u00f6rmesinden dolay\u0131 bu mesle\u011fi ba\u015fka yerlerde yapma d\u00fc\u015f\u00fcncesine sevketmi\u015f, yer olarakta m\u00fcbarek bir mekan olan Ey\u00fcp Sultan\u0131 tercih edilmi\u015ftir. Kendisi halen [&hellip;]<\/p>\n","protected":false},"author":1,"featured_media":0,"parent":0,"menu_order":0,"comment_status":"closed","ping_status":"closed","template":"","meta":{"ocean_post_layout":"full-screen","ocean_both_sidebars_style":"","ocean_both_sidebars_content_width":0,"ocean_both_sidebars_sidebars_width":0,"ocean_sidebar":"0","ocean_second_sidebar":"0","ocean_disable_margins":"enable","ocean_add_body_class":"","ocean_shortcode_before_top_bar":"","ocean_shortcode_after_top_bar":"","ocean_shortcode_before_header":"","ocean_shortcode_after_header":"","ocean_has_shortcode":"","ocean_shortcode_after_title":"","ocean_shortcode_before_footer_widgets":"","ocean_shortcode_after_footer_widgets":"","ocean_shortcode_before_footer_bottom":"","ocean_shortcode_after_footer_bottom":"","ocean_display_top_bar":"default","ocean_display_header":"default","ocean_header_style":"","ocean_center_header_left_menu":"0","ocean_custom_header_template":"0","ocean_custom_logo":0,"ocean_custom_retina_logo":0,"ocean_custom_logo_max_width":0,"ocean_custom_logo_tablet_max_width":0,"ocean_custom_logo_mobile_max_width":0,"ocean_custom_logo_max_height":0,"ocean_custom_logo_tablet_max_height":0,"ocean_custom_logo_mobile_max_height":0,"ocean_header_custom_menu":"0","ocean_menu_typo_font_family":"0","ocean_menu_typo_font_subset":"","ocean_menu_typo_font_size":0,"ocean_menu_typo_font_size_tablet":0,"ocean_menu_typo_font_size_mobile":0,"ocean_menu_typo_font_size_unit":"px","ocean_menu_typo_font_weight":"","ocean_menu_typo_font_weight_tablet":"","ocean_menu_typo_font_weight_mobile":"","ocean_menu_typo_transform":"","ocean_menu_typo_transform_tablet":"","ocean_menu_typo_transform_mobile":"","ocean_menu_typo_line_height":0,"ocean_menu_typo_line_height_tablet":0,"ocean_menu_typo_line_height_mobile":0,"ocean_menu_typo_line_height_unit":"","ocean_menu_typo_spacing":0,"ocean_menu_typo_spacing_tablet":0,"ocean_menu_typo_spacing_mobile":0,"ocean_menu_typo_spacing_unit":"","ocean_menu_link_color":"","ocean_menu_link_color_hover":"","ocean_menu_link_color_active":"","ocean_menu_link_background":"","ocean_menu_link_hover_background":"","ocean_menu_link_active_background":"","ocean_menu_social_links_bg":"","ocean_menu_social_hover_links_bg":"","ocean_menu_social_links_color":"","ocean_menu_social_hover_links_color":"","ocean_disable_title":"on","ocean_disable_heading":"on","ocean_post_title":"","ocean_post_subheading":"","ocean_post_title_style":"","ocean_post_title_background_color":"","ocean_post_title_background":0,"ocean_post_title_bg_image_position":"","ocean_post_title_bg_image_attachment":"","ocean_post_title_bg_image_repeat":"","ocean_post_title_bg_image_size":"","ocean_post_title_height":0,"ocean_post_title_bg_overlay":0.5,"ocean_post_title_bg_overlay_color":"","ocean_disable_breadcrumbs":"default","ocean_breadcrumbs_color":"","ocean_breadcrumbs_separator_color":"","ocean_breadcrumbs_links_color":"","ocean_breadcrumbs_links_hover_color":"","ocean_display_footer_widgets":"default","ocean_display_footer_bottom":"default","ocean_custom_footer_template":"0","footnotes":""},"class_list":["post-10","page","type-page","status-publish","hentry","entry"],"_links":{"self":[{"href":"https:\/\/tarihiguvecci.com\/index.php?rest_route=\/wp\/v2\/pages\/10","targetHints":{"allow":["GET"]}}],"collection":[{"href":"https:\/\/tarihiguvecci.com\/index.php?rest_route=\/wp\/v2\/pages"}],"about":[{"href":"https:\/\/tarihiguvecci.com\/index.php?rest_route=\/wp\/v2\/types\/page"}],"author":[{"embeddable":true,"href":"https:\/\/tarihiguvecci.com\/index.php?rest_route=\/wp\/v2\/users\/1"}],"replies":[{"embeddable":true,"href":"https:\/\/tarihiguvecci.com\/index.php?rest_route=%2Fwp%2Fv2%2Fcomments&post=10"}],"version-history":[{"count":34,"href":"https:\/\/tarihiguvecci.com\/index.php?rest_route=\/wp\/v2\/pages\/10\/revisions"}],"predecessor-version":[{"id":700,"href":"https:\/\/tarihiguvecci.com\/index.php?rest_route=\/wp\/v2\/pages\/10\/revisions\/700"}],"wp:attachment":[{"href":"https:\/\/tarihiguvecci.com\/index.php?rest_route=%2Fwp%2Fv2%2Fmedia&parent=10"}],"curies":[{"name":"wp","href":"https:\/\/api.w.org\/{rel}","templated":true}]}}