{"id":340,"date":"2019-03-06T15:16:03","date_gmt":"2019-03-06T12:16:03","guid":{"rendered":"https:\/\/youthful-mayer.194-62-54-108.plesk.page\/?page_id=340"},"modified":"2019-03-20T12:31:57","modified_gmt":"2019-03-20T09:31:57","slug":"siparis-ver","status":"publish","type":"page","link":"https:\/\/tarihiguvecci.com\/?page_id=340","title":{"rendered":"Sipari\u015f Ver"},"content":{"rendered":"\t\t<div data-elementor-type=\"wp-post\" data-elementor-id=\"340\" class=\"elementor elementor-340 elementor-bc-flex-widget\" data-elementor-post-type=\"page\">\n\t\t\t\t\t\t<section class=\"elementor-section elementor-top-section elementor-element elementor-element-02e3bcf elementor-section-full_width elementor-section-height-min-height elementor-section-height-default elementor-section-items-middle\" data-id=\"02e3bcf\" data-element_type=\"section\" data-e-type=\"section\" data-settings=\"{&quot;background_background&quot;:&quot;classic&quot;,&quot;shape_divider_bottom&quot;:&quot;triangle&quot;}\">\n\t\t\t\t\t<div class=\"elementor-shape elementor-shape-bottom\" aria-hidden=\"true\" data-negative=\"false\">\n\t\t\t<svg xmlns=\"http:\/\/www.w3.org\/2000\/svg\" viewBox=\"0 0 1000 100\" preserveAspectRatio=\"none\">\n\t<path class=\"elementor-shape-fill\" d=\"M500,98.9L0,6.1V0h1000v6.1L500,98.9z\"\/>\n<\/svg>\t\t<\/div>\n\t\t\t\t\t<div class=\"elementor-container elementor-column-gap-default\">\n\t\t\t\t\t<div class=\"elementor-column elementor-col-100 elementor-top-column elementor-element elementor-element-ddf3a7c\" data-id=\"ddf3a7c\" data-element_type=\"column\" data-e-type=\"column\">\n\t\t\t<div class=\"elementor-widget-wrap elementor-element-populated\">\n\t\t\t\t\t\t<div class=\"elementor-element elementor-element-7e861f4 elementor-widget elementor-widget-heading\" data-id=\"7e861f4\" data-element_type=\"widget\" data-e-type=\"widget\" data-widget_type=\"heading.default\">\n\t\t\t\t<div class=\"elementor-widget-container\">\n\t\t\t\t\t<h2 class=\"elementor-heading-title elementor-size-default\">TOPLU P\u0130DE S\u0130PAR\u0130\u015eLER\u0130N\u0130Z<\/h2>\t\t\t\t<\/div>\n\t\t\t\t<\/div>\n\t\t\t\t\t<\/div>\n\t\t<\/div>\n\t\t\t\t\t<\/div>\n\t\t<\/section>\n\t\t\t\t<section class=\"elementor-section elementor-top-section elementor-element elementor-element-b806287 elementor-section-height-min-height elementor-section-boxed elementor-section-height-default elementor-section-items-middle\" data-id=\"b806287\" data-element_type=\"section\" data-e-type=\"section\">\n\t\t\t\t\t\t<div class=\"elementor-container elementor-column-gap-default\">\n\t\t\t\t\t<div class=\"elementor-column elementor-col-33 elementor-top-column elementor-element elementor-element-0bc080b elementor-invisible\" data-id=\"0bc080b\" data-element_type=\"column\" data-e-type=\"column\" data-settings=\"{&quot;animation&quot;:&quot;fadeInUp&quot;}\">\n\t\t\t<div class=\"elementor-widget-wrap elementor-element-populated\">\n\t\t\t\t\t\t<div class=\"elementor-element elementor-element-0508e30 elementor-position-top elementor-widget elementor-widget-image-box\" data-id=\"0508e30\" data-element_type=\"widget\" data-e-type=\"widget\" data-widget_type=\"image-box.default\">\n\t\t\t\t<div class=\"elementor-widget-container\">\n\t\t\t\t\t<div class=\"elementor-image-box-wrapper\"><figure class=\"elementor-image-box-img\"><img fetchpriority=\"high\" decoding=\"async\" width=\"1600\" height=\"1066\" src=\"https:\/\/tarihiguvecci.com\/wp-content\/uploads\/2019\/02\/hohoho.jpg\" class=\"elementor-animation-shrink attachment-full size-full wp-image-66\" alt=\"\" srcset=\"https:\/\/tarihiguvecci.com\/wp-content\/uploads\/2019\/02\/hohoho.jpg 1600w, https:\/\/tarihiguvecci.com\/wp-content\/uploads\/2019\/02\/hohoho-300x200.jpg 300w, https:\/\/tarihiguvecci.com\/wp-content\/uploads\/2019\/02\/hohoho-768x512.jpg 768w, https:\/\/tarihiguvecci.com\/wp-content\/uploads\/2019\/02\/hohoho-1024x682.jpg 1024w\" sizes=\"(max-width: 1600px) 100vw, 1600px\" \/><\/figure><div class=\"elementor-image-box-content\"><h3 class=\"elementor-image-box-title\">Mevl\u00fct Sipari\u015fleriniz<\/h3><p class=\"elementor-image-box-description\">Mevl\u00fct g\u00fcnlerinizde, ekibimiz taraf\u0131ndan al\u0131nan sipari\u015finiz diledi\u011finiz saatte haz\u0131rlan\u0131p s\u0131cak ve lezzetli bir \u015fekilde siz m\u00fc\u015fterilerimize sunulmaktad\u0131r.<br \/><br \/><\/p><\/div><\/div>\t\t\t\t<\/div>\n\t\t\t\t<\/div>\n\t\t\t\t<div class=\"elementor-element elementor-element-6753523 elementor-align-center elementor-invisible elementor-widget elementor-widget-button\" data-id=\"6753523\" data-element_type=\"widget\" data-e-type=\"widget\" data-settings=\"{&quot;_animation&quot;:&quot;fadeInDown&quot;}\" data-widget_type=\"button.default\">\n\t\t\t\t<div class=\"elementor-widget-container\">\n\t\t\t\t\t\t\t\t\t<div class=\"elementor-button-wrapper\">\n\t\t\t\t\t<a class=\"elementor-button elementor-button-link elementor-size-sm elementor-animation-bounce-in\" href=\"tel:02125817501\">\n\t\t\t\t\t\t<span class=\"elementor-button-content-wrapper\">\n\t\t\t\t\t\t\t\t\t<span class=\"elementor-button-text\">Sipari\u015f Ver<\/span>\n\t\t\t\t\t<\/span>\n\t\t\t\t\t<\/a>\n\t\t\t\t<\/div>\n\t\t\t\t\t\t\t\t<\/div>\n\t\t\t\t<\/div>\n\t\t\t\t\t<\/div>\n\t\t<\/div>\n\t\t\t\t<div class=\"elementor-column elementor-col-33 elementor-top-column elementor-element elementor-element-541b26b elementor-invisible\" data-id=\"541b26b\" data-element_type=\"column\" data-e-type=\"column\" data-settings=\"{&quot;animation&quot;:&quot;zoomIn&quot;}\">\n\t\t\t<div class=\"elementor-widget-wrap elementor-element-populated\">\n\t\t\t\t\t\t<div class=\"elementor-element elementor-element-bb8322f elementor-position-top elementor-widget elementor-widget-image-box\" data-id=\"bb8322f\" data-element_type=\"widget\" data-e-type=\"widget\" data-widget_type=\"image-box.default\">\n\t\t\t\t<div class=\"elementor-widget-container\">\n\t\t\t\t\t<div class=\"elementor-image-box-wrapper\"><figure class=\"elementor-image-box-img\"><img decoding=\"async\" width=\"1183\" height=\"783\" src=\"https:\/\/tarihiguvecci.com\/wp-content\/uploads\/2019\/03\/tarihi-guvecci-pide-firini.jpg\" class=\"elementor-animation-shrink attachment-full size-full wp-image-683\" alt=\"\" srcset=\"https:\/\/tarihiguvecci.com\/wp-content\/uploads\/2019\/03\/tarihi-guvecci-pide-firini.jpg 1183w, https:\/\/tarihiguvecci.com\/wp-content\/uploads\/2019\/03\/tarihi-guvecci-pide-firini-300x199.jpg 300w, https:\/\/tarihiguvecci.com\/wp-content\/uploads\/2019\/03\/tarihi-guvecci-pide-firini-768x508.jpg 768w, https:\/\/tarihiguvecci.com\/wp-content\/uploads\/2019\/03\/tarihi-guvecci-pide-firini-1024x678.jpg 1024w\" sizes=\"(max-width: 1183px) 100vw, 1183px\" \/><\/figure><div class=\"elementor-image-box-content\"><h3 class=\"elementor-image-box-title\">D\u00fcg\u00fcn &amp; Ni\u015fan T\u00f6renleri<\/h3><p class=\"elementor-image-box-description\">D\u00fc\u011f\u00fcn ve Ni\u015fan t\u00f6renlerinizde, ekibimiz taraf\u0131ndan al\u0131nan sipari\u015finiz diledi\u011finiz saatte haz\u0131rlan\u0131p s\u0131cak ve lezzetli bir \u015fekilde siz m\u00fc\u015fterilerimize sunulmaktad\u0131r.<br \/><br \/><\/p><\/div><\/div>\t\t\t\t<\/div>\n\t\t\t\t<\/div>\n\t\t\t\t<div class=\"elementor-element elementor-element-1ab3b4b elementor-align-center elementor-invisible elementor-widget elementor-widget-button\" data-id=\"1ab3b4b\" data-element_type=\"widget\" data-e-type=\"widget\" data-settings=\"{&quot;_animation&quot;:&quot;fadeInDown&quot;}\" data-widget_type=\"button.default\">\n\t\t\t\t<div class=\"elementor-widget-container\">\n\t\t\t\t\t\t\t\t\t<div class=\"elementor-button-wrapper\">\n\t\t\t\t\t<a class=\"elementor-button elementor-button-link elementor-size-sm elementor-animation-bounce-in\" href=\"tel:02125817501\">\n\t\t\t\t\t\t<span class=\"elementor-button-content-wrapper\">\n\t\t\t\t\t\t\t\t\t<span class=\"elementor-button-text\">Sipari\u015f Ver<\/span>\n\t\t\t\t\t<\/span>\n\t\t\t\t\t<\/a>\n\t\t\t\t<\/div>\n\t\t\t\t\t\t\t\t<\/div>\n\t\t\t\t<\/div>\n\t\t\t\t\t<\/div>\n\t\t<\/div>\n\t\t\t\t<div class=\"elementor-column elementor-col-33 elementor-top-column elementor-element elementor-element-d0ccbf1 elementor-invisible\" data-id=\"d0ccbf1\" data-element_type=\"column\" data-e-type=\"column\" data-settings=\"{&quot;animation&quot;:&quot;fadeInUp&quot;}\">\n\t\t\t<div class=\"elementor-widget-wrap elementor-element-populated\">\n\t\t\t\t\t\t<div class=\"elementor-element elementor-element-1420d7d elementor-position-top elementor-widget elementor-widget-image-box\" data-id=\"1420d7d\" data-element_type=\"widget\" data-e-type=\"widget\" data-widget_type=\"image-box.default\">\n\t\t\t\t<div class=\"elementor-widget-container\">\n\t\t\t\t\t<div class=\"elementor-image-box-wrapper\"><figure class=\"elementor-image-box-img\"><img decoding=\"async\" width=\"1183\" height=\"783\" src=\"https:\/\/tarihiguvecci.com\/wp-content\/uploads\/2019\/03\/guvec-toplanisi-meshur.jpg\" class=\"elementor-animation-shrink attachment-full size-full wp-image-681\" alt=\"\" srcset=\"https:\/\/tarihiguvecci.com\/wp-content\/uploads\/2019\/03\/guvec-toplanisi-meshur.jpg 1183w, https:\/\/tarihiguvecci.com\/wp-content\/uploads\/2019\/03\/guvec-toplanisi-meshur-300x199.jpg 300w, https:\/\/tarihiguvecci.com\/wp-content\/uploads\/2019\/03\/guvec-toplanisi-meshur-768x508.jpg 768w, https:\/\/tarihiguvecci.com\/wp-content\/uploads\/2019\/03\/guvec-toplanisi-meshur-1024x678.jpg 1024w\" sizes=\"(max-width: 1183px) 100vw, 1183px\" \/><\/figure><div class=\"elementor-image-box-content\"><h3 class=\"elementor-image-box-title\">S\u00fcnnet T\u00f6renleriniz<\/h3><p class=\"elementor-image-box-description\">S\u00fcnnet t\u00f6renlerinizde, ekibimiz taraf\u0131ndan al\u0131nan sipari\u015finiz diledi\u011finiz saatte haz\u0131rlan\u0131p s\u0131cak ve lezzetli bir \u015fekilde siz m\u00fc\u015fterilerimize sunulmaktad\u0131r.<br \/><br \/><\/p><\/div><\/div>\t\t\t\t<\/div>\n\t\t\t\t<\/div>\n\t\t\t\t<div class=\"elementor-element elementor-element-6ecab2a elementor-align-center elementor-invisible elementor-widget elementor-widget-button\" data-id=\"6ecab2a\" data-element_type=\"widget\" data-e-type=\"widget\" data-settings=\"{&quot;_animation&quot;:&quot;fadeInDown&quot;}\" data-widget_type=\"button.default\">\n\t\t\t\t<div class=\"elementor-widget-container\">\n\t\t\t\t\t\t\t\t\t<div class=\"elementor-button-wrapper\">\n\t\t\t\t\t<a class=\"elementor-button elementor-button-link elementor-size-sm elementor-animation-bounce-in\" href=\"tel:02125817501\">\n\t\t\t\t\t\t<span class=\"elementor-button-content-wrapper\">\n\t\t\t\t\t\t\t\t\t<span class=\"elementor-button-text\">Sipari\u015f Ver<\/span>\n\t\t\t\t\t<\/span>\n\t\t\t\t\t<\/a>\n\t\t\t\t<\/div>\n\t\t\t\t\t\t\t\t<\/div>\n\t\t\t\t<\/div>\n\t\t\t\t\t<\/div>\n\t\t<\/div>\n\t\t\t\t\t<\/div>\n\t\t<\/section>\n\t\t\t\t<\/div>\n\t\t","protected":false},"excerpt":{"rendered":"<p>TOPLU P\u0130DE S\u0130PAR\u0130\u015eLER\u0130N\u0130Z Mevl\u00fct Sipari\u015fleriniz Mevl\u00fct g\u00fcnlerinizde, ekibimiz taraf\u0131ndan al\u0131nan sipari\u015finiz diledi\u011finiz saatte haz\u0131rlan\u0131p s\u0131cak ve lezzetli bir \u015fekilde siz m\u00fc\u015fterilerimize sunulmaktad\u0131r. Sipari\u015f Ver D\u00fcg\u00fcn &amp; Ni\u015fan T\u00f6renleri D\u00fc\u011f\u00fcn ve Ni\u015fan t\u00f6renlerinizde, ekibimiz taraf\u0131ndan al\u0131nan sipari\u015finiz diledi\u011finiz saatte haz\u0131rlan\u0131p s\u0131cak ve lezzetli bir \u015fekilde siz m\u00fc\u015fterilerimize sunulmaktad\u0131r. Sipari\u015f Ver S\u00fcnnet T\u00f6renleriniz S\u00fcnnet t\u00f6renlerinizde, ekibimiz taraf\u0131ndan [&hellip;]<\/p>\n","protected":false},"author":1,"featured_media":0,"parent":0,"menu_order":0,"comment_status":"closed","ping_status":"closed","template":"","meta":{"ocean_post_layout":"full-screen","ocean_both_sidebars_style":"","ocean_both_sidebars_content_width":0,"ocean_both_sidebars_sidebars_width":0,"ocean_sidebar":"0","ocean_second_sidebar":"0","ocean_disable_margins":"enable","ocean_add_body_class":"","ocean_shortcode_before_top_bar":"","ocean_shortcode_after_top_bar":"","ocean_shortcode_before_header":"","ocean_shortcode_after_header":"","ocean_has_shortcode":"","ocean_shortcode_after_title":"","ocean_shortcode_before_footer_widgets":"","ocean_shortcode_after_footer_widgets":"","ocean_shortcode_before_footer_bottom":"","ocean_shortcode_after_footer_bottom":"","ocean_display_top_bar":"default","ocean_display_header":"default","ocean_header_style":"","ocean_center_header_left_menu":"0","ocean_custom_header_template":"0","ocean_custom_logo":0,"ocean_custom_retina_logo":0,"ocean_custom_logo_max_width":0,"ocean_custom_logo_tablet_max_width":0,"ocean_custom_logo_mobile_max_width":0,"ocean_custom_logo_max_height":0,"ocean_custom_logo_tablet_max_height":0,"ocean_custom_logo_mobile_max_height":0,"ocean_header_custom_menu":"0","ocean_menu_typo_font_family":"0","ocean_menu_typo_font_subset":"","ocean_menu_typo_font_size":0,"ocean_menu_typo_font_size_tablet":0,"ocean_menu_typo_font_size_mobile":0,"ocean_menu_typo_font_size_unit":"px","ocean_menu_typo_font_weight":"","ocean_menu_typo_font_weight_tablet":"","ocean_menu_typo_font_weight_mobile":"","ocean_menu_typo_transform":"","ocean_menu_typo_transform_tablet":"","ocean_menu_typo_transform_mobile":"","ocean_menu_typo_line_height":0,"ocean_menu_typo_line_height_tablet":0,"ocean_menu_typo_line_height_mobile":0,"ocean_menu_typo_line_height_unit":"","ocean_menu_typo_spacing":0,"ocean_menu_typo_spacing_tablet":0,"ocean_menu_typo_spacing_mobile":0,"ocean_menu_typo_spacing_unit":"","ocean_menu_link_color":"","ocean_menu_link_color_hover":"","ocean_menu_link_color_active":"","ocean_menu_link_background":"","ocean_menu_link_hover_background":"","ocean_menu_link_active_background":"","ocean_menu_social_links_bg":"","ocean_menu_social_hover_links_bg":"","ocean_menu_social_links_color":"","ocean_menu_social_hover_links_color":"","ocean_disable_title":"on","ocean_disable_heading":"default","ocean_post_title":"","ocean_post_subheading":"","ocean_post_title_style":"","ocean_post_title_background_color":"","ocean_post_title_background":0,"ocean_post_title_bg_image_position":"","ocean_post_title_bg_image_attachment":"","ocean_post_title_bg_image_repeat":"","ocean_post_title_bg_image_size":"","ocean_post_title_height":0,"ocean_post_title_bg_overlay":0.5,"ocean_post_title_bg_overlay_color":"","ocean_disable_breadcrumbs":"default","ocean_breadcrumbs_color":"","ocean_breadcrumbs_separator_color":"","ocean_breadcrumbs_links_color":"","ocean_breadcrumbs_links_hover_color":"","ocean_display_footer_widgets":"default","ocean_display_footer_bottom":"default","ocean_custom_footer_template":"0","footnotes":""},"class_list":["post-340","page","type-page","status-publish","hentry","entry"],"_links":{"self":[{"href":"https:\/\/tarihiguvecci.com\/index.php?rest_route=\/wp\/v2\/pages\/340","targetHints":{"allow":["GET"]}}],"collection":[{"href":"https:\/\/tarihiguvecci.com\/index.php?rest_route=\/wp\/v2\/pages"}],"about":[{"href":"https:\/\/tarihiguvecci.com\/index.php?rest_route=\/wp\/v2\/types\/page"}],"author":[{"embeddable":true,"href":"https:\/\/tarihiguvecci.com\/index.php?rest_route=\/wp\/v2\/users\/1"}],"replies":[{"embeddable":true,"href":"https:\/\/tarihiguvecci.com\/index.php?rest_route=%2Fwp%2Fv2%2Fcomments&post=340"}],"version-history":[{"count":74,"href":"https:\/\/tarihiguvecci.com\/index.php?rest_route=\/wp\/v2\/pages\/340\/revisions"}],"predecessor-version":[{"id":715,"href":"https:\/\/tarihiguvecci.com\/index.php?rest_route=\/wp\/v2\/pages\/340\/revisions\/715"}],"wp:attachment":[{"href":"https:\/\/tarihiguvecci.com\/index.php?rest_route=%2Fwp%2Fv2%2Fmedia&parent=340"}],"curies":[{"name":"wp","href":"https:\/\/api.w.org\/{rel}","templated":true}]}}